{"id":31,"date":"2025-04-18T06:50:58","date_gmt":"2025-04-18T06:50:58","guid":{"rendered":"https:\/\/aura-cristal-immo.com\/?page_id=31"},"modified":"2025-06-25T12:05:02","modified_gmt":"2025-06-25T12:05:02","slug":"contact","status":"publish","type":"page","link":"https:\/\/aura-cristal-immo.com\/uk\/contact\/","title":{"rendered":"Contact"},"content":{"rendered":"<div class=\"wpb-content-wrapper\"><div class=\"vc_row wpb_row vc_row-fluid vc_custom_1750852936263 wpex-vc-full-width-row wpex-vc-full-width-row--centered wpex-relative wpex-vc_row-has-fill wpex-vc-reset-negative-margin\"><div class=\"wpb_column vc_column_container vc_col-sm-12\"><div class=\"vc_column-inner vc_custom_1750853094075\"><div class=\"wpb_wrapper\">\n\t<div style=\"text-align:center;\" class=\"wpb_text_column wpb_content_element vc_custom_1750853083424\" >\n\t\t<div class=\"wpb_wrapper\">\n\t\t\t<h2>Prenez directement RDV avec nous.<\/h2>\n\n\t\t<\/div>\n\t<\/div>\n\n\t<div style=\"color:#ffffff;font-size:30px;text-align:center;\" class=\"wpb_text_column has-custom-color wpex-child-inherit-color wpb_content_element wpb_animate_when_almost_visible wpb_bottom-to-top bottom-to-top vc_custom_1750853099750\" >\n\t\t<div class=\"wpb_wrapper\">\n\t\t\t<p><a style=\"underline: false;\" href=\"tel:0688778535\">06 88 77 85 35<\/a><\/p>\n\n\t\t<\/div>\n\t<\/div>\n<\/div><\/div><\/div><\/div><div class=\"vc_row wpb_row vc_row-fluid vc_custom_1750654964884 wpex-vc-full-width-row wpex-vc-full-width-row--centered wpex-relative wpex-vc_row-has-fill hidden wpex-vc-reset-negative-margin\"><div class=\"wpb_column vc_column_container vc_col-sm-12\"><div class=\"vc_column-inner vc_custom_1745345635448\"><div class=\"wpb_wrapper\">\n\t<div class=\"wpb_text_column wpb_content_element\" >\n\t\t<div class=\"wpb_wrapper\">\n\t\t\t<h2>Prenez directement RDV avec nous.<\/h2>\n\n\t\t<\/div>\n\t<\/div>\n\n\t<div class=\"wpb_text_column wpb_content_element wpb_animate_when_almost_visible wpb_bottom-to-top bottom-to-top vc_custom_1750338936454\" >\n\t\t<div class=\"wpb_wrapper\">\n\t\t\t<p>Nous vous proposons des soins \u00e9nerg\u00e9tiques \u00e0 distance ou \u00e0 domicile, selon vos pr\u00e9f\u00e9rences.<\/p>\n\n\t\t<\/div>\n\t<\/div>\n\n\t<div class=\"wpb_raw_code wpb_raw_html wpb_content_element\" >\n\t\t<div class=\"wpb_wrapper\">\n\t\t\t<!-- D\u00e9but de widget en ligne Calendly -->\n<div class=\"calendly-inline-widget\" data-url=\"https:\/\/calendly.com\/contact-aura-cristal-immo\/nouvelle-reunion\" style=\"min-width:320px;height:700px;\"><\/div>\n<script type=\"text\/javascript\" src=\"https:\/\/assets.calendly.com\/assets\/external\/widget.js\" async><\/script>\n<!-- Fin de widget en ligne Calendly -->\n\t\t<\/div>\n\t<\/div>\n<\/div><\/div><\/div><\/div><div class=\"vc_row wpb_row vc_row-fluid vc_custom_1749195539345 wpex-vc-full-width-row wpex-vc-full-width-row--centered wpex-relative wpex-vc_row-has-fill wpex-vc-reset-negative-margin\"><div class=\"wpb_column vc_column_container vc_col-sm-12\"><div class=\"vc_column-inner\"><div class=\"wpb_wrapper\">\n\t<div class=\"wpb_text_column wpb_content_element\" >\n\t\t<div class=\"wpb_wrapper\">\n\t\t\t<h2>How does a remote energy healing session work?<\/h2>\n\n\t\t<\/div>\n\t<\/div>\n\n\t<div class=\"wpb_text_column wpb_content_element\" >\n\t\t<div class=\"wpb_wrapper\">\n\t\t\t<h3>1. Phone call<\/h3>\n\n\t\t<\/div>\n\t<\/div>\n\n\t<div class=\"wpb_text_column wpb_content_element\" >\n\t\t<div class=\"wpb_wrapper\">\n\t\t\t<p>An initial contact to listen to your request, understand your needs, and gather information about the location, including its history, geographical environment, the background of its occupants, the context in which you live, and the purpose of your request.<\/p>\n\n\t\t<\/div>\n\t<\/div>\n\n\t<div class=\"wpb_text_column wpb_content_element\" >\n\t\t<div class=\"wpb_wrapper\">\n\t\t\t<h3><strong><span class=\"s1\">2. Identification of imbalances<\/span><\/strong><\/h3>\n\n\t\t<\/div>\n\t<\/div>\n\n\t<div class=\"wpb_text_column wpb_content_element\" >\n\t\t<div class=\"wpb_wrapper\">\n\t\t\t<p><span class=\"s1\">Exploration of the energetic memories associated with the place (bereavements, separations, conflicts, etc.). This step allows us to target the energies that need to be rebalanced.<\/span><\/p>\n\n\t\t<\/div>\n\t<\/div>\n\n\t<div class=\"wpb_text_column wpb_content_element\" >\n\t\t<div class=\"wpb_wrapper\">\n\t\t\t<h3><strong><span class=\"s1\">3. Harmonization of the location<\/span><\/strong><\/h3>\n\n\t\t<\/div>\n\t<\/div>\n\n\t<div class=\"wpb_text_column wpb_content_element\" >\n\t\t<div class=\"wpb_wrapper\">\n\t\t\t<p class=\"p3 translation-block\"><span class=\"s1\"><strong>\u2022 Remotely:<\/strong> vibrational healing accompanied, if necessary, by the sending of crystals, waveforms, or specific tools to be placed in the location.<\/span><\/p>\n<p class=\"p3 translation-block\"><span class=\"s1\"><strong> \u2022 In person:<\/strong> we intervene directly to restore harmony by mobilizing our tools and supporting the subtle rebalancing of the energy field.<\/span><\/p>\n\n\t\t<\/div>\n\t<\/div>\n\n\t<div class=\"wpb_text_column wpb_content_element\" >\n\t\t<div class=\"wpb_wrapper\">\n\t\t\t<h3><strong><span class=\"s1\">4. Feedback and support<\/span><\/strong><\/h3>\n\n\t\t<\/div>\n\t<\/div>\n\n\t<div class=\"wpb_text_column wpb_content_element\" >\n\t\t<div class=\"wpb_wrapper\">\n\t\t\t<p class=\"p3\"><span class=\"s2\">At the end of the treatment, time is set aside to share the information gathered. This moment allows us to convey the perceptions, feelings, images, or messages received. It opens up a space for understanding, awareness, and clarification.<\/span><\/p>\n\n\t\t<\/div>\n\t<\/div>\n\n\t<div class=\"wpb_text_column wpb_content_element\" >\n\t\t<div class=\"wpb_wrapper\">\n\t\t\t<h3><strong><span class=\"s1\">5. Personalized summary<\/span><\/strong><\/h3>\n\n\t\t<\/div>\n\t<\/div>\n\n\t<div class=\"wpb_text_column wpb_content_element\" >\n\t\t<div class=\"wpb_wrapper\">\n\t\t\t<p class=\"p3\"><span class=\"s1\">A written or audio summary is sent as a reference for the session.<\/span><\/p>\n\n\t\t<\/div>\n\t<\/div>\n\n\t<div class=\"wpb_text_column wpb_content_element wpb_animate_when_almost_visible wpb_bottom-to-top bottom-to-top vc_custom_1750339235166\" >\n\t\t<div class=\"wpb_wrapper\">\n\t\t\t<blockquote>\n<p class=\"p1\">If you would like an energy treatment to sell a property, we will send you our contracts upon request.<\/p>\n<\/blockquote>\n\n\t\t<\/div>\n\t<\/div>\n<\/div><\/div><\/div><\/div>\n<\/div>","protected":false},"excerpt":{"rendered":"Prenez directement RDV avec nous. 06 88 77 85 35 Prenez directement RDV avec nous. Nous vous proposons des soins \u00e9nerg\u00e9tiques \u00e0 distance ou \u00e0 domicile, selon vos pr\u00e9f\u00e9rences. Comment se d\u00e9roule le soin \u00e9nerg\u00e9tique d\u2019un lieu ? 1. \u00c9change t\u00e9l\u00e9phonique Un premier contact pour \u00e9couter votre demande, comprendre vos besoins et recueillir des informations&hellip;","protected":false},"author":1,"featured_media":0,"parent":0,"menu_order":0,"comment_status":"closed","ping_status":"closed","template":"templates\/no-sidebar.php","meta":{"footnotes":""},"class_list":["post-31","page","type-page","status-publish","hentry","entry","no-media"],"yoast_head":"<!-- This site is optimized with the Yoast SEO plugin v25.3.1 - https:\/\/yoast.com\/wordpress\/plugins\/seo\/ -->\n<title>Contactez Aura Cristal Immo \u2013 Soins \u00e9nerg\u00e9tiques des lieux<\/title>\n<meta name=\"description\" content=\"Une question ? Un besoin ? Contactez l\u2019\u00e9quipe Aura Cristal Immo pour harmoniser votre lieu de vie ou votre bien immobilier.\" \/>\n<meta name=\"robots\" content=\"index, follow, max-snippet:-1, max-image-preview:large, max-video-preview:-1\" \/>\n<link rel=\"canonical\" href=\"https:\/\/aura-cristal-immo.com\/uk\/contact\/\" \/>\n<meta property=\"og:locale\" content=\"en_GB\" \/>\n<meta property=\"og:type\" content=\"article\" \/>\n<meta property=\"og:title\" content=\"Contactez Aura Cristal Immo \u2013 Soins \u00e9nerg\u00e9tiques des lieux\" \/>\n<meta property=\"og:description\" content=\"Une question ? Un besoin ? Contactez l\u2019\u00e9quipe Aura Cristal Immo pour harmoniser votre lieu de vie ou votre bien immobilier.\" \/>\n<meta property=\"og:url\" content=\"https:\/\/aura-cristal-immo.com\/uk\/contact\/\" \/>\n<meta property=\"og:site_name\" content=\"Aura Cristal Immo\" \/>\n<meta property=\"article:modified_time\" content=\"2025-06-25T12:05:02+00:00\" \/>\n<meta property=\"og:image\" content=\"https:\/\/aura-cristal-immo.com\/wp-content\/uploads\/2025\/04\/logo-ACI-trans.png\" \/>\n\t<meta property=\"og:image:width\" content=\"1500\" \/>\n\t<meta property=\"og:image:height\" content=\"1500\" \/>\n\t<meta property=\"og:image:type\" content=\"image\/png\" \/>\n<meta name=\"twitter:card\" content=\"summary_large_image\" \/>\n<meta name=\"twitter:title\" content=\"Contactez Aura Cristal Immo \u2013 Soins \u00e9nerg\u00e9tiques des lieux\" \/>\n<meta name=\"twitter:description\" content=\"Une question ? Un besoin ? Contactez l\u2019\u00e9quipe Aura Cristal Immo pour harmoniser votre lieu de vie ou votre bien immobilier.\" \/>\n<meta name=\"twitter:image\" content=\"https:\/\/aura-cristal-immo.com\/wp-content\/uploads\/2025\/04\/logo-ACI-trans.png\" \/>\n<meta name=\"twitter:label1\" content=\"Estimated reading time\" \/>\n\t<meta name=\"twitter:data1\" content=\"2 minutes\" \/>\n<script type=\"application\/ld+json\" class=\"yoast-schema-graph\">{\"@context\":\"https:\/\/schema.org\",\"@graph\":[{\"@type\":\"WebPage\",\"@id\":\"https:\/\/aura-cristal-immo.com\/contact\/\",\"url\":\"https:\/\/aura-cristal-immo.com\/contact\/\",\"name\":\"Contactez Aura Cristal Immo \u2013 Soins \u00e9nerg\u00e9tiques des lieux\",\"isPartOf\":{\"@id\":\"https:\/\/aura-cristal-immo.com\/#website\"},\"datePublished\":\"2025-04-18T06:50:58+00:00\",\"dateModified\":\"2025-06-25T12:05:02+00:00\",\"description\":\"Une question ? Un besoin ? Contactez l\u2019\u00e9quipe Aura Cristal Immo pour harmoniser votre lieu de vie ou votre bien immobilier.\",\"breadcrumb\":{\"@id\":\"https:\/\/aura-cristal-immo.com\/contact\/#breadcrumb\"},\"inLanguage\":\"en-GB\",\"potentialAction\":[{\"@type\":\"ReadAction\",\"target\":[\"https:\/\/aura-cristal-immo.com\/contact\/\"]}]},{\"@type\":\"BreadcrumbList\",\"@id\":\"https:\/\/aura-cristal-immo.com\/contact\/#breadcrumb\",\"itemListElement\":[{\"@type\":\"ListItem\",\"position\":1,\"name\":\"Accueil\",\"item\":\"https:\/\/aura-cristal-immo.com\/\"},{\"@type\":\"ListItem\",\"position\":2,\"name\":\"Contact\"}]},{\"@type\":\"WebSite\",\"@id\":\"https:\/\/aura-cristal-immo.com\/#website\",\"url\":\"https:\/\/aura-cristal-immo.com\/\",\"name\":\"Aura Cristal Immo\",\"description\":\"Soins \u00e9nerg\u00e9tiques des lieux\",\"publisher\":{\"@id\":\"https:\/\/aura-cristal-immo.com\/#organization\"},\"potentialAction\":[{\"@type\":\"SearchAction\",\"target\":{\"@type\":\"EntryPoint\",\"urlTemplate\":\"https:\/\/aura-cristal-immo.com\/?s={search_term_string}\"},\"query-input\":{\"@type\":\"PropertyValueSpecification\",\"valueRequired\":true,\"valueName\":\"search_term_string\"}}],\"inLanguage\":\"en-GB\"},{\"@type\":\"Organization\",\"@id\":\"https:\/\/aura-cristal-immo.com\/#organization\",\"name\":\"Aura Cristal Immo\",\"url\":\"https:\/\/aura-cristal-immo.com\/\",\"logo\":{\"@type\":\"ImageObject\",\"inLanguage\":\"en-GB\",\"@id\":\"https:\/\/aura-cristal-immo.com\/#\/schema\/logo\/image\/\",\"url\":\"https:\/\/aura-cristal-immo.com\/wp-content\/uploads\/2025\/04\/logo-ACI-trans.png\",\"contentUrl\":\"https:\/\/aura-cristal-immo.com\/wp-content\/uploads\/2025\/04\/logo-ACI-trans.png\",\"width\":1500,\"height\":1500,\"caption\":\"Aura Cristal Immo\"},\"image\":{\"@id\":\"https:\/\/aura-cristal-immo.com\/#\/schema\/logo\/image\/\"}}]}<\/script>\n<!-- \/ Yoast SEO plugin. -->","yoast_head_json":{"title":"Contactez Aura Cristal Immo \u2013 Soins \u00e9nerg\u00e9tiques des lieux","description":"Une question ? Un besoin ? Contactez l\u2019\u00e9quipe Aura Cristal Immo pour harmoniser votre lieu de vie ou votre bien immobilier.","robots":{"index":"index","follow":"follow","max-snippet":"max-snippet:-1","max-image-preview":"max-image-preview:large","max-video-preview":"max-video-preview:-1"},"canonical":"https:\/\/aura-cristal-immo.com\/uk\/contact\/","og_locale":"en_GB","og_type":"article","og_title":"Contactez Aura Cristal Immo \u2013 Soins \u00e9nerg\u00e9tiques des lieux","og_description":"Une question ? Un besoin ? Contactez l\u2019\u00e9quipe Aura Cristal Immo pour harmoniser votre lieu de vie ou votre bien immobilier.","og_url":"https:\/\/aura-cristal-immo.com\/uk\/contact\/","og_site_name":"Aura Cristal Immo","article_modified_time":"2025-06-25T12:05:02+00:00","og_image":[{"width":1500,"height":1500,"url":"https:\/\/aura-cristal-immo.com\/wp-content\/uploads\/2025\/04\/logo-ACI-trans.png","type":"image\/png"}],"twitter_card":"summary_large_image","twitter_title":"Contactez Aura Cristal Immo \u2013 Soins \u00e9nerg\u00e9tiques des lieux","twitter_description":"Une question ? Un besoin ? Contactez l\u2019\u00e9quipe Aura Cristal Immo pour harmoniser votre lieu de vie ou votre bien immobilier.","twitter_image":"https:\/\/aura-cristal-immo.com\/wp-content\/uploads\/2025\/04\/logo-ACI-trans.png","twitter_misc":{"Estimated reading time":"2 minutes"},"schema":{"@context":"https:\/\/schema.org","@graph":[{"@type":"WebPage","@id":"https:\/\/aura-cristal-immo.com\/contact\/","url":"https:\/\/aura-cristal-immo.com\/contact\/","name":"Contactez Aura Cristal Immo \u2013 Soins \u00e9nerg\u00e9tiques des lieux","isPartOf":{"@id":"https:\/\/aura-cristal-immo.com\/#website"},"datePublished":"2025-04-18T06:50:58+00:00","dateModified":"2025-06-25T12:05:02+00:00","description":"Une question ? Un besoin ? Contactez l\u2019\u00e9quipe Aura Cristal Immo pour harmoniser votre lieu de vie ou votre bien immobilier.","breadcrumb":{"@id":"https:\/\/aura-cristal-immo.com\/contact\/#breadcrumb"},"inLanguage":"en-GB","potentialAction":[{"@type":"ReadAction","target":["https:\/\/aura-cristal-immo.com\/contact\/"]}]},{"@type":"BreadcrumbList","@id":"https:\/\/aura-cristal-immo.com\/contact\/#breadcrumb","itemListElement":[{"@type":"ListItem","position":1,"name":"Accueil","item":"https:\/\/aura-cristal-immo.com\/"},{"@type":"ListItem","position":2,"name":"Contact"}]},{"@type":"WebSite","@id":"https:\/\/aura-cristal-immo.com\/#website","url":"https:\/\/aura-cristal-immo.com\/","name":"Aura Cristal Immo","description":"Soins \u00e9nerg\u00e9tiques des lieux","publisher":{"@id":"https:\/\/aura-cristal-immo.com\/#organization"},"potentialAction":[{"@type":"SearchAction","target":{"@type":"EntryPoint","urlTemplate":"https:\/\/aura-cristal-immo.com\/?s={search_term_string}"},"query-input":{"@type":"PropertyValueSpecification","valueRequired":true,"valueName":"search_term_string"}}],"inLanguage":"en-GB"},{"@type":"Organization","@id":"https:\/\/aura-cristal-immo.com\/#organization","name":"Aura Cristal Immo","url":"https:\/\/aura-cristal-immo.com\/","logo":{"@type":"ImageObject","inLanguage":"en-GB","@id":"https:\/\/aura-cristal-immo.com\/#\/schema\/logo\/image\/","url":"https:\/\/aura-cristal-immo.com\/wp-content\/uploads\/2025\/04\/logo-ACI-trans.png","contentUrl":"https:\/\/aura-cristal-immo.com\/wp-content\/uploads\/2025\/04\/logo-ACI-trans.png","width":1500,"height":1500,"caption":"Aura Cristal Immo"},"image":{"@id":"https:\/\/aura-cristal-immo.com\/#\/schema\/logo\/image\/"}}]}},"_links":{"self":[{"href":"https:\/\/aura-cristal-immo.com\/uk\/wp-json\/wp\/v2\/pages\/31","targetHints":{"allow":["GET"]}}],"collection":[{"href":"https:\/\/aura-cristal-immo.com\/uk\/wp-json\/wp\/v2\/pages"}],"about":[{"href":"https:\/\/aura-cristal-immo.com\/uk\/wp-json\/wp\/v2\/types\/page"}],"author":[{"embeddable":true,"href":"https:\/\/aura-cristal-immo.com\/uk\/wp-json\/wp\/v2\/users\/1"}],"replies":[{"embeddable":true,"href":"https:\/\/aura-cristal-immo.com\/uk\/wp-json\/wp\/v2\/comments?post=31"}],"version-history":[{"count":38,"href":"https:\/\/aura-cristal-immo.com\/uk\/wp-json\/wp\/v2\/pages\/31\/revisions"}],"predecessor-version":[{"id":663,"href":"https:\/\/aura-cristal-immo.com\/uk\/wp-json\/wp\/v2\/pages\/31\/revisions\/663"}],"wp:attachment":[{"href":"https:\/\/aura-cristal-immo.com\/uk\/wp-json\/wp\/v2\/media?parent=31"}],"curies":[{"name":"wp","href":"https:\/\/api.w.org\/{rel}","templated":true}]}}