{"id":301,"date":"2025-04-22T19:54:17","date_gmt":"2025-04-22T19:54:17","guid":{"rendered":"https:\/\/aura-cristal-immo.com\/?page_id=301"},"modified":"2025-04-27T16:03:18","modified_gmt":"2025-04-27T16:03:18","slug":"mentions-legales","status":"publish","type":"page","link":"https:\/\/aura-cristal-immo.com\/uk\/mentions-legales\/","title":{"rendered":"Legal"},"content":{"rendered":"<div class=\"wpb-content-wrapper\"><div class=\"vc_row wpb_row vc_row-fluid vc_custom_1745769797374 wpex-relative\"><div class=\"wpb_column vc_column_container vc_col-sm-12\"><div class=\"vc_column-inner\"><div class=\"wpb_wrapper\">\n\t<div class=\"wpb_text_column wpb_content_element wpb_animate_when_almost_visible wpb_bottom-to-top bottom-to-top\" >\n\t\t<div class=\"wpb_wrapper\">\n\t\t\t<p>Pursuant to Article 6 of Law No. 2004-575 of June 21, 2004 on confidence in the digital economy, users of the aura-cristal-immo.com website are informed of the identity of the various parties involved in its creation and monitoring:<\/p>\n<p class=\"translation-block\">Owners: Aura Cristal Immo<br>\nGraphic design and development <a href=\"https:\/\/www.lacerisesurlelogo.fr\/\" target=\"_blank\" rel=\"noopener\">La Cerise sur le Logo<\/a><\/p>\n<p class=\"translation-block\">Responsable publication : Aura Cristal Immo \u2013 LA PETITE CABELIERE, 35450 VAL-D\u2019IZE France<br>\r\nWebmaster : Aura Cristal Immo<br>\r\nSIRET : 75182657900029<\/p>\n<p>Hosting provider: OVH \u2013 2 rue Kellerman \u2013 59100 Roubaix \u2013 France<\/p>\n\n\t\t<\/div>\n\t<\/div>\n<\/div><\/div><\/div><\/div>\n<\/div>","protected":false},"excerpt":{"rendered":"En vertu de l\u2019article 6 de la loi n\u00b0 2004-575 du 21 juin 2004 pour la confiance dans l\u2019\u00e9conomie num\u00e9rique, les utilisateurs du site aura-cristal-immo.com sont inform\u00e9s de l\u2019identit\u00e9 des diff\u00e9rents intervenants dans le cadre de sa r\u00e9alisation et de son suivi : Propri\u00e9taires : Aura Cristal Immo Graphisme et d\u00e9veloppement : La Cerise sur&hellip;","protected":false},"author":1,"featured_media":0,"parent":0,"menu_order":0,"comment_status":"closed","ping_status":"closed","template":"templates\/no-sidebar.php","meta":{"footnotes":""},"class_list":["post-301","page","type-page","status-publish","hentry","entry","no-media"],"yoast_head":"<!-- This site is optimized with the Yoast SEO plugin v25.3.1 - https:\/\/yoast.com\/wordpress\/plugins\/seo\/ -->\n<title>Mentions l\u00e9gales - Aura Cristal Immo<\/title>\n<meta name=\"robots\" content=\"index, follow, max-snippet:-1, max-image-preview:large, max-video-preview:-1\" \/>\n<link rel=\"canonical\" href=\"https:\/\/aura-cristal-immo.com\/uk\/mentions-legales\/\" \/>\n<meta property=\"og:locale\" content=\"en_GB\" \/>\n<meta property=\"og:type\" content=\"article\" \/>\n<meta property=\"og:title\" content=\"Mentions l\u00e9gales - Aura Cristal Immo\" \/>\n<meta property=\"og:url\" content=\"https:\/\/aura-cristal-immo.com\/uk\/mentions-legales\/\" \/>\n<meta property=\"og:site_name\" content=\"Aura Cristal Immo\" \/>\n<meta property=\"article:modified_time\" content=\"2025-04-27T16:03:18+00:00\" \/>\n<meta name=\"twitter:card\" content=\"summary_large_image\" \/>\n<meta name=\"twitter:label1\" content=\"Estimated reading time\" \/>\n\t<meta name=\"twitter:data1\" content=\"1 minute\" \/>\n<script type=\"application\/ld+json\" class=\"yoast-schema-graph\">{\"@context\":\"https:\/\/schema.org\",\"@graph\":[{\"@type\":\"WebPage\",\"@id\":\"https:\/\/aura-cristal-immo.com\/mentions-legales\/\",\"url\":\"https:\/\/aura-cristal-immo.com\/mentions-legales\/\",\"name\":\"Mentions l\u00e9gales - Aura Cristal Immo\",\"isPartOf\":{\"@id\":\"https:\/\/aura-cristal-immo.com\/#website\"},\"datePublished\":\"2025-04-22T19:54:17+00:00\",\"dateModified\":\"2025-04-27T16:03:18+00:00\",\"breadcrumb\":{\"@id\":\"https:\/\/aura-cristal-immo.com\/mentions-legales\/#breadcrumb\"},\"inLanguage\":\"en-GB\",\"potentialAction\":[{\"@type\":\"ReadAction\",\"target\":[\"https:\/\/aura-cristal-immo.com\/mentions-legales\/\"]}]},{\"@type\":\"BreadcrumbList\",\"@id\":\"https:\/\/aura-cristal-immo.com\/mentions-legales\/#breadcrumb\",\"itemListElement\":[{\"@type\":\"ListItem\",\"position\":1,\"name\":\"Accueil\",\"item\":\"https:\/\/aura-cristal-immo.com\/\"},{\"@type\":\"ListItem\",\"position\":2,\"name\":\"Mentions l\u00e9gales\"}]},{\"@type\":\"WebSite\",\"@id\":\"https:\/\/aura-cristal-immo.com\/#website\",\"url\":\"https:\/\/aura-cristal-immo.com\/\",\"name\":\"Aura Cristal Immo\",\"description\":\"Soins \u00e9nerg\u00e9tiques des lieux\",\"publisher\":{\"@id\":\"https:\/\/aura-cristal-immo.com\/#organization\"},\"potentialAction\":[{\"@type\":\"SearchAction\",\"target\":{\"@type\":\"EntryPoint\",\"urlTemplate\":\"https:\/\/aura-cristal-immo.com\/?s={search_term_string}\"},\"query-input\":{\"@type\":\"PropertyValueSpecification\",\"valueRequired\":true,\"valueName\":\"search_term_string\"}}],\"inLanguage\":\"en-GB\"},{\"@type\":\"Organization\",\"@id\":\"https:\/\/aura-cristal-immo.com\/#organization\",\"name\":\"Aura Cristal Immo\",\"url\":\"https:\/\/aura-cristal-immo.com\/\",\"logo\":{\"@type\":\"ImageObject\",\"inLanguage\":\"en-GB\",\"@id\":\"https:\/\/aura-cristal-immo.com\/#\/schema\/logo\/image\/\",\"url\":\"https:\/\/aura-cristal-immo.com\/wp-content\/uploads\/2025\/04\/logo-ACI-trans.png\",\"contentUrl\":\"https:\/\/aura-cristal-immo.com\/wp-content\/uploads\/2025\/04\/logo-ACI-trans.png\",\"width\":1500,\"height\":1500,\"caption\":\"Aura Cristal Immo\"},\"image\":{\"@id\":\"https:\/\/aura-cristal-immo.com\/#\/schema\/logo\/image\/\"}}]}<\/script>\n<!-- \/ Yoast SEO plugin. -->","yoast_head_json":{"title":"Mentions l\u00e9gales - Aura Cristal Immo","robots":{"index":"index","follow":"follow","max-snippet":"max-snippet:-1","max-image-preview":"max-image-preview:large","max-video-preview":"max-video-preview:-1"},"canonical":"https:\/\/aura-cristal-immo.com\/uk\/mentions-legales\/","og_locale":"en_GB","og_type":"article","og_title":"Mentions l\u00e9gales - Aura Cristal Immo","og_url":"https:\/\/aura-cristal-immo.com\/uk\/mentions-legales\/","og_site_name":"Aura Cristal Immo","article_modified_time":"2025-04-27T16:03:18+00:00","twitter_card":"summary_large_image","twitter_misc":{"Estimated reading time":"1 minute"},"schema":{"@context":"https:\/\/schema.org","@graph":[{"@type":"WebPage","@id":"https:\/\/aura-cristal-immo.com\/mentions-legales\/","url":"https:\/\/aura-cristal-immo.com\/mentions-legales\/","name":"Mentions l\u00e9gales - Aura Cristal Immo","isPartOf":{"@id":"https:\/\/aura-cristal-immo.com\/#website"},"datePublished":"2025-04-22T19:54:17+00:00","dateModified":"2025-04-27T16:03:18+00:00","breadcrumb":{"@id":"https:\/\/aura-cristal-immo.com\/mentions-legales\/#breadcrumb"},"inLanguage":"en-GB","potentialAction":[{"@type":"ReadAction","target":["https:\/\/aura-cristal-immo.com\/mentions-legales\/"]}]},{"@type":"BreadcrumbList","@id":"https:\/\/aura-cristal-immo.com\/mentions-legales\/#breadcrumb","itemListElement":[{"@type":"ListItem","position":1,"name":"Accueil","item":"https:\/\/aura-cristal-immo.com\/"},{"@type":"ListItem","position":2,"name":"Mentions l\u00e9gales"}]},{"@type":"WebSite","@id":"https:\/\/aura-cristal-immo.com\/#website","url":"https:\/\/aura-cristal-immo.com\/","name":"Aura Cristal Immo","description":"Soins \u00e9nerg\u00e9tiques des lieux","publisher":{"@id":"https:\/\/aura-cristal-immo.com\/#organization"},"potentialAction":[{"@type":"SearchAction","target":{"@type":"EntryPoint","urlTemplate":"https:\/\/aura-cristal-immo.com\/?s={search_term_string}"},"query-input":{"@type":"PropertyValueSpecification","valueRequired":true,"valueName":"search_term_string"}}],"inLanguage":"en-GB"},{"@type":"Organization","@id":"https:\/\/aura-cristal-immo.com\/#organization","name":"Aura Cristal Immo","url":"https:\/\/aura-cristal-immo.com\/","logo":{"@type":"ImageObject","inLanguage":"en-GB","@id":"https:\/\/aura-cristal-immo.com\/#\/schema\/logo\/image\/","url":"https:\/\/aura-cristal-immo.com\/wp-content\/uploads\/2025\/04\/logo-ACI-trans.png","contentUrl":"https:\/\/aura-cristal-immo.com\/wp-content\/uploads\/2025\/04\/logo-ACI-trans.png","width":1500,"height":1500,"caption":"Aura Cristal Immo"},"image":{"@id":"https:\/\/aura-cristal-immo.com\/#\/schema\/logo\/image\/"}}]}},"_links":{"self":[{"href":"https:\/\/aura-cristal-immo.com\/uk\/wp-json\/wp\/v2\/pages\/301","targetHints":{"allow":["GET"]}}],"collection":[{"href":"https:\/\/aura-cristal-immo.com\/uk\/wp-json\/wp\/v2\/pages"}],"about":[{"href":"https:\/\/aura-cristal-immo.com\/uk\/wp-json\/wp\/v2\/types\/page"}],"author":[{"embeddable":true,"href":"https:\/\/aura-cristal-immo.com\/uk\/wp-json\/wp\/v2\/users\/1"}],"replies":[{"embeddable":true,"href":"https:\/\/aura-cristal-immo.com\/uk\/wp-json\/wp\/v2\/comments?post=301"}],"version-history":[{"count":5,"href":"https:\/\/aura-cristal-immo.com\/uk\/wp-json\/wp\/v2\/pages\/301\/revisions"}],"predecessor-version":[{"id":450,"href":"https:\/\/aura-cristal-immo.com\/uk\/wp-json\/wp\/v2\/pages\/301\/revisions\/450"}],"wp:attachment":[{"href":"https:\/\/aura-cristal-immo.com\/uk\/wp-json\/wp\/v2\/media?parent=301"}],"curies":[{"name":"wp","href":"https:\/\/api.w.org\/{rel}","templated":true}]}}