{"id":29,"date":"2025-04-18T06:50:38","date_gmt":"2025-04-18T06:50:38","guid":{"rendered":"https:\/\/aura-cristal-immo.com\/?page_id=29"},"modified":"2025-06-19T13:14:09","modified_gmt":"2025-06-19T13:14:09","slug":"temoignages","status":"publish","type":"page","link":"https:\/\/aura-cristal-immo.com\/uk\/temoignages\/","title":{"rendered":"Testimonials"},"content":{"rendered":"<div class=\"wpb-content-wrapper\"><div class=\"vc_row wpb_row vc_row-fluid vc_custom_1745768703636 wpex-relative\"><div class=\"wpb_column vc_column_container vc_col-sm-12\"><div class=\"vc_column-inner\"><div class=\"wpb_wrapper\">\n\t<div class=\"wpb_text_column wpb_content_element wpb_animate_when_almost_visible wpb_bottom-to-top bottom-to-top vc_custom_1750338835454\" >\n\t\t<div class=\"wpb_wrapper\">\n\t\t\t<p>They gave it a try: exploring an energy harmonization treatment and observing its tangible benefits.<\/p>\n\n\t\t<\/div>\n\t<\/div>\n<div class=\"vcex-module vcex-testimonials-grid-wrap wpex-clr\"><div class=\"wpex-row vcex-testimonials-grid wpex-clr\"><div class=\"testimonial-entry vcex-grid-item span_1_of_4 col-1 col  wpb_animate_when_almost_visible wpb_bottom-to-top bottom-to-top entry post-471 type-testimonials no-media\"><div class=\"testimonial-entry-content wpex-relative wpex-boxed wpex-border-0 wpex-clr\"\"><span class=\"testimonial-caret wpex-absolute wpex-block wpex-w-0 wpex-h-0\"><\/span><div class=\"testimonial-entry-details testimonial-entry-text wpex-text-pretty wpex-last-mb-0 wpex-clr\"><p>\u00ab\u00a0I live in an old building in Brittany. The place is very pretty, but I didn't really feel comfortable there. Our renovated farmhouse still bore traces of epidemics and livestock slaughter. Even though it seems strange, after the treatment we felt a real sense of well-being in our home. Thank you. \u00bb<\/p>\n<\/div><\/div><div class=\"testimonial-entry-bottom wpex-flex wpex-flex-wrap wpex-mt-20\"><div class=\"testimonial-entry-meta wpex-flex-grow\">\n<div class=\"testimonial-entry-author entry-title\">Laura<\/div>\n\n<div class=\"testimonial-entry-company wpex-text-3\">\n\n\t\n\t\tVitr\u00e9, France\n\t\n<\/div><\/div><\/div><\/div><div class=\"testimonial-entry vcex-grid-item span_1_of_4 col-2 col  wpb_animate_when_almost_visible wpb_bottom-to-top bottom-to-top entry post-468 type-testimonials no-media\"><div class=\"testimonial-entry-content wpex-relative wpex-boxed wpex-border-0 wpex-clr\"\"><span class=\"testimonial-caret wpex-absolute wpex-block wpex-w-0 wpex-h-0\"><\/span><div class=\"testimonial-entry-details testimonial-entry-text wpex-text-pretty wpex-last-mb-0 wpex-clr\"><p>\u00ab\u00a0The treatment that Katell and Yann gave me helped me understand what was blocking the sale of my house. I then followed their advice to give myself every chance of achieving my goal. Even though the sale didn't happen quickly (it took four months), I understood that I needed that time to move forward at my own pace. I thank them for their unfailing support. Today, I have sold my property in the Paris region and realized my dream of living in the South.\u00a0\u00bb<\/p>\n<\/div><\/div><div class=\"testimonial-entry-bottom wpex-flex wpex-flex-wrap wpex-mt-20\"><div class=\"testimonial-entry-meta wpex-flex-grow\">\n<div class=\"testimonial-entry-author entry-title\">Claire<\/div>\n\n<div class=\"testimonial-entry-company wpex-text-3\">\n\n\t\n\t\tNeuilly-sur-Seine, France\n\t\n<\/div><\/div><\/div><\/div><div class=\"testimonial-entry vcex-grid-item span_1_of_4 col-3 col  wpb_animate_when_almost_visible wpb_bottom-to-top bottom-to-top entry post-153 type-testimonials no-media\"><div class=\"testimonial-entry-content wpex-relative wpex-boxed wpex-border-0 wpex-clr\"\"><span class=\"testimonial-caret wpex-absolute wpex-block wpex-w-0 wpex-h-0\"><\/span><div class=\"testimonial-entry-details testimonial-entry-text wpex-text-pretty wpex-last-mb-0 wpex-clr\"><p>\u00ab\u00a0The family castle built by our ancestors was transformed. When we first opened the windows, a gentle breeze swept through. A beautiful symbolic gift awaited us on the steps of the front porch: a snake skin. The children immediately and instinctively climbed the large cedar tree. Once again a welcoming and joyful place, friends came to visit the property throughout the summer. A big thank you for this wonderful care that includes and invests everyone in the process. With gratitude. \u00bb<\/p>\n<\/div><\/div><div class=\"testimonial-entry-bottom wpex-flex wpex-flex-wrap wpex-mt-20\"><div class=\"testimonial-entry-meta wpex-flex-grow\">\n<div class=\"testimonial-entry-author entry-title\">Pulch\u00e9rie and her family<\/div>\n\n<div class=\"testimonial-entry-company wpex-text-3\">\n\n\t\n\t\tEspondeilhan, France\n\t\n<\/div><\/div><\/div><\/div><div class=\"testimonial-entry vcex-grid-item span_1_of_4 col-4 col  wpb_animate_when_almost_visible wpb_bottom-to-top bottom-to-top entry post-151 type-testimonials no-media\"><div class=\"testimonial-entry-content wpex-relative wpex-boxed wpex-border-0 wpex-clr\"\"><span class=\"testimonial-caret wpex-absolute wpex-block wpex-w-0 wpex-h-0\"><\/span><div class=\"testimonial-entry-details testimonial-entry-text wpex-text-pretty wpex-last-mb-0 wpex-clr\"><p>\u00ab\u00a0A year ago, we called on Katell Tardy to sell our family vacation home in the Var region. The house had been on the market for three years with various agencies without success: very few viewings, no offers... But as soon as Katell took on our house, everything happened very quickly! In just 15 days, my parents had an offer at the desired price. We are very grateful to her. I would not hesitate to call on Katell again if needed. \u00bb<\/p>\n<\/div><\/div><div class=\"testimonial-entry-bottom wpex-flex wpex-flex-wrap wpex-mt-20\"><div class=\"testimonial-entry-meta wpex-flex-grow\">\n<div class=\"testimonial-entry-author entry-title\">Delphine Leverrier<\/div>\n\n<div class=\"testimonial-entry-company wpex-text-3\">\n\n\t\n\t\tPlan de la Tour, France\n\t\n<\/div><\/div><\/div><\/div><div class=\"testimonial-entry vcex-grid-item span_1_of_4 col-1 col  wpb_animate_when_almost_visible wpb_bottom-to-top bottom-to-top entry post-149 type-testimonials has-media\"><div class=\"testimonial-entry-content wpex-relative wpex-boxed wpex-border-0 wpex-clr\"\"><span class=\"testimonial-caret wpex-absolute wpex-block wpex-w-0 wpex-h-0\"><\/span><div class=\"testimonial-entry-details testimonial-entry-text wpex-text-pretty wpex-last-mb-0 wpex-clr\"><p>\u00ab\u00a0My husband and I were deeply touched by the treatment given to our house. What was expressed during the session was disturbingly accurate. The words used resonated with an almost disconcerting precision\u2014as if something greater had come to light what was there, without us yet being able to explain it. This treatment helped us to understand, feel, and transform things that the place carried without knowing it. There was a before and an after. Even for rational people, it is difficult to ignore the impact of what happened. And for those familiar with the subtle planes, I would simply say: it was powerful, aligned, obvious. Thank you. \u00bb<\/p>\n<\/div><\/div><div class=\"testimonial-entry-bottom wpex-flex wpex-flex-wrap wpex-mt-20\">\n<div class=\"testimonial-entry-thumb default-dims wpex-flex-shrink-0 wpex-mr-20\"><img width=\"790\" height=\"796\" src=\"https:\/\/aura-cristal-immo.com\/wp-content\/uploads\/2025\/04\/colette-tostivint.png\" class=\"testimonials-entry-img wpex-align-middle wpex-rounded-full wpex-border wpex-p-2 wpex-border-solid wpex-border-main\" alt=\"\" loading=\"lazy\" decoding=\"async\" srcset=\"https:\/\/aura-cristal-immo.com\/wp-content\/uploads\/2025\/04\/colette-tostivint.png 790w, https:\/\/aura-cristal-immo.com\/wp-content\/uploads\/2025\/04\/colette-tostivint-298x300.png 298w, https:\/\/aura-cristal-immo.com\/wp-content\/uploads\/2025\/04\/colette-tostivint-150x150.png 150w, https:\/\/aura-cristal-immo.com\/wp-content\/uploads\/2025\/04\/colette-tostivint-768x774.png 768w\" sizes=\"auto, (max-width: 790px) 100vw, 790px\" \/><\/div><div class=\"testimonial-entry-meta wpex-flex-grow\">\n<div class=\"testimonial-entry-author entry-title\">Colette<\/div>\n\n<div class=\"testimonial-entry-company wpex-text-3\">\n\n\t\n\t\tPokhara, N\u00e9pal\n\t\n<\/div><\/div><\/div><\/div><div class=\"testimonial-entry vcex-grid-item span_1_of_4 col-2 col  wpb_animate_when_almost_visible wpb_bottom-to-top bottom-to-top entry post-147 type-testimonials no-media\"><div class=\"testimonial-entry-content wpex-relative wpex-boxed wpex-border-0 wpex-clr\"\"><span class=\"testimonial-caret wpex-absolute wpex-block wpex-w-0 wpex-h-0\"><\/span><div class=\"testimonial-entry-details testimonial-entry-text wpex-text-pretty wpex-last-mb-0 wpex-clr\"><p>\u00ab\u00a0I was delighted with the treatment performed on my house in Vannes by Katell and Yann. Since then, I feel like I can breathe better and have found harmony within my family. I work as a kinesiologist in a practice at the bottom of my garden, and since the treatment, my appointment book has been filling up! Everything is more fluid. A big thank you to both of you. \u00bb<\/p>\n<\/div><\/div><div class=\"testimonial-entry-bottom wpex-flex wpex-flex-wrap wpex-mt-20\"><div class=\"testimonial-entry-meta wpex-flex-grow\">\n<div class=\"testimonial-entry-author entry-title\">Marie<\/div>\n\n<div class=\"testimonial-entry-company wpex-text-3\">\n\n\t\n\t\tVannes, France\n\t\n<\/div><\/div><\/div><\/div><div class=\"testimonial-entry vcex-grid-item span_1_of_4 col-3 col  wpb_animate_when_almost_visible wpb_bottom-to-top bottom-to-top entry post-145 type-testimonials no-media\"><div class=\"testimonial-entry-content wpex-relative wpex-boxed wpex-border-0 wpex-clr\"\"><span class=\"testimonial-caret wpex-absolute wpex-block wpex-w-0 wpex-h-0\"><\/span><div class=\"testimonial-entry-details testimonial-entry-text wpex-text-pretty wpex-last-mb-0 wpex-clr\"><p>\u00ab Katell Tardy has been supporting me for several years. She is a therapist who has my complete trust, and I regularly recommend her to many friends and clients. I recently moved into my new apartment and was very apprehensive about the change. The treatment provided by Katell and Yann allowed me to settle into my new home in a calm and joyful way. There were even some magical events that helped me! I sincerely thank them and highly recommend them. \u00bb<\/p>\n<\/div><\/div><div class=\"testimonial-entry-bottom wpex-flex wpex-flex-wrap wpex-mt-20\"><div class=\"testimonial-entry-meta wpex-flex-grow\">\n<div class=\"testimonial-entry-author entry-title\">Mahalia<\/div>\n\n<div class=\"testimonial-entry-company wpex-text-3\">\n\n\t\n\t\tParis, France\n\t\n<\/div><\/div><\/div><\/div><div class=\"testimonial-entry vcex-grid-item span_1_of_4 col-4 col  wpb_animate_when_almost_visible wpb_bottom-to-top bottom-to-top entry post-66 type-testimonials no-media\"><div class=\"testimonial-entry-content wpex-relative wpex-boxed wpex-border-0 wpex-clr\"\"><span class=\"testimonial-caret wpex-absolute wpex-block wpex-w-0 wpex-h-0\"><\/span><div class=\"testimonial-entry-details testimonial-entry-text wpex-text-pretty wpex-last-mb-0 wpex-clr\"><p>\u00ab\u00a0I was living in a heavy atmosphere and couldn't sleep after a difficult divorce. Bad memories and arguments still haunted my mind, and perhaps also the walls of my house. After the energy treatment, I regained my energy and was able to change many things in my home. I feel good today. Thank you both. \u00bb<\/p>\n<\/div><\/div><div class=\"testimonial-entry-bottom wpex-flex wpex-flex-wrap wpex-mt-20\"><div class=\"testimonial-entry-meta wpex-flex-grow\">\n<div class=\"testimonial-entry-author entry-title\">L\u00e9a<\/div>\n\n<div class=\"testimonial-entry-company wpex-text-3\">\n\n\t\n\t\tParis, France\n\t\n<\/div><\/div><\/div><\/div><\/div><\/div><\/div><\/div><\/div><\/div>\n<\/div>","protected":false},"excerpt":{"rendered":"\"Je vivais dans une atmosph\u00e8re lourde, je ne dormais plus suite \u00e0 un divorce difficile. Les mauvais souvenirs et les disputes hantaient encore mes souvenirs, et peut-\u00eatre aussi les murs de ma maison. Apr\u00e8s le soin \u00e9nerg\u00e9tique, j\u2019ai retrouv\u00e9 mon dynamisme et j\u2019ai pu modifier plein de choses dans ma maison. Je me sens bien&hellip;","protected":false},"author":1,"featured_media":0,"parent":0,"menu_order":0,"comment_status":"closed","ping_status":"closed","template":"templates\/no-sidebar.php","meta":{"footnotes":""},"class_list":["post-29","page","type-page","status-publish","hentry","entry","no-media"],"yoast_head":"<!-- This site is optimized with the Yoast SEO plugin v25.3.1 - https:\/\/yoast.com\/wordpress\/plugins\/seo\/ -->\n<title>Avis clients \u2013 Soins \u00e9nerg\u00e9tiques Aura Cristal Immo<\/title>\n<meta name=\"description\" content=\"D\u00e9couvrez les t\u00e9moignages de celles et ceux qui ont retrouv\u00e9 paix et harmonie gr\u00e2ce aux soins \u00e9nerg\u00e9tiques d\u2019Aura Cristal Immo.\" \/>\n<meta name=\"robots\" content=\"index, follow, max-snippet:-1, max-image-preview:large, max-video-preview:-1\" \/>\n<link rel=\"canonical\" href=\"https:\/\/aura-cristal-immo.com\/uk\/temoignages\/\" \/>\n<meta property=\"og:locale\" content=\"en_GB\" \/>\n<meta property=\"og:type\" content=\"article\" \/>\n<meta property=\"og:title\" content=\"Avis clients \u2013 Soins \u00e9nerg\u00e9tiques Aura Cristal Immo\" \/>\n<meta property=\"og:description\" content=\"D\u00e9couvrez les t\u00e9moignages de celles et ceux qui ont retrouv\u00e9 paix et harmonie gr\u00e2ce aux soins \u00e9nerg\u00e9tiques d\u2019Aura Cristal Immo.\" \/>\n<meta property=\"og:url\" content=\"https:\/\/aura-cristal-immo.com\/uk\/temoignages\/\" \/>\n<meta property=\"og:site_name\" content=\"Aura Cristal Immo\" \/>\n<meta property=\"article:modified_time\" content=\"2025-06-19T13:14:09+00:00\" \/>\n<meta property=\"og:image\" content=\"https:\/\/aura-cristal-immo.com\/wp-content\/uploads\/2025\/04\/logo-ACI-trans.png\" \/>\n\t<meta property=\"og:image:width\" content=\"1500\" \/>\n\t<meta property=\"og:image:height\" content=\"1500\" \/>\n\t<meta property=\"og:image:type\" content=\"image\/png\" \/>\n<meta name=\"twitter:card\" content=\"summary_large_image\" \/>\n<meta name=\"twitter:title\" content=\"Avis clients \u2013 Soins \u00e9nerg\u00e9tiques Aura Cristal Immo\" \/>\n<meta name=\"twitter:description\" content=\"D\u00e9couvrez les t\u00e9moignages de celles et ceux qui ont retrouv\u00e9 paix et harmonie gr\u00e2ce aux soins \u00e9nerg\u00e9tiques d\u2019Aura Cristal Immo.\" \/>\n<meta name=\"twitter:image\" content=\"https:\/\/aura-cristal-immo.com\/wp-content\/uploads\/2025\/04\/logo-ACI-trans.png\" \/>\n<meta name=\"twitter:label1\" content=\"Estimated reading time\" \/>\n\t<meta name=\"twitter:data1\" content=\"1 minute\" \/>\n<script type=\"application\/ld+json\" class=\"yoast-schema-graph\">{\"@context\":\"https:\/\/schema.org\",\"@graph\":[{\"@type\":\"WebPage\",\"@id\":\"https:\/\/aura-cristal-immo.com\/temoignages\/\",\"url\":\"https:\/\/aura-cristal-immo.com\/temoignages\/\",\"name\":\"Avis clients \u2013 Soins \u00e9nerg\u00e9tiques Aura Cristal Immo\",\"isPartOf\":{\"@id\":\"https:\/\/aura-cristal-immo.com\/#website\"},\"datePublished\":\"2025-04-18T06:50:38+00:00\",\"dateModified\":\"2025-06-19T13:14:09+00:00\",\"description\":\"D\u00e9couvrez les t\u00e9moignages de celles et ceux qui ont retrouv\u00e9 paix et harmonie gr\u00e2ce aux soins \u00e9nerg\u00e9tiques d\u2019Aura Cristal Immo.\",\"breadcrumb\":{\"@id\":\"https:\/\/aura-cristal-immo.com\/temoignages\/#breadcrumb\"},\"inLanguage\":\"en-GB\",\"potentialAction\":[{\"@type\":\"ReadAction\",\"target\":[\"https:\/\/aura-cristal-immo.com\/temoignages\/\"]}]},{\"@type\":\"BreadcrumbList\",\"@id\":\"https:\/\/aura-cristal-immo.com\/temoignages\/#breadcrumb\",\"itemListElement\":[{\"@type\":\"ListItem\",\"position\":1,\"name\":\"Accueil\",\"item\":\"https:\/\/aura-cristal-immo.com\/\"},{\"@type\":\"ListItem\",\"position\":2,\"name\":\"T\u00e9moignages\"}]},{\"@type\":\"WebSite\",\"@id\":\"https:\/\/aura-cristal-immo.com\/#website\",\"url\":\"https:\/\/aura-cristal-immo.com\/\",\"name\":\"Aura Cristal Immo\",\"description\":\"Soins \u00e9nerg\u00e9tiques des lieux\",\"publisher\":{\"@id\":\"https:\/\/aura-cristal-immo.com\/#organization\"},\"potentialAction\":[{\"@type\":\"SearchAction\",\"target\":{\"@type\":\"EntryPoint\",\"urlTemplate\":\"https:\/\/aura-cristal-immo.com\/?s={search_term_string}\"},\"query-input\":{\"@type\":\"PropertyValueSpecification\",\"valueRequired\":true,\"valueName\":\"search_term_string\"}}],\"inLanguage\":\"en-GB\"},{\"@type\":\"Organization\",\"@id\":\"https:\/\/aura-cristal-immo.com\/#organization\",\"name\":\"Aura Cristal Immo\",\"url\":\"https:\/\/aura-cristal-immo.com\/\",\"logo\":{\"@type\":\"ImageObject\",\"inLanguage\":\"en-GB\",\"@id\":\"https:\/\/aura-cristal-immo.com\/#\/schema\/logo\/image\/\",\"url\":\"https:\/\/aura-cristal-immo.com\/wp-content\/uploads\/2025\/04\/logo-ACI-trans.png\",\"contentUrl\":\"https:\/\/aura-cristal-immo.com\/wp-content\/uploads\/2025\/04\/logo-ACI-trans.png\",\"width\":1500,\"height\":1500,\"caption\":\"Aura Cristal Immo\"},\"image\":{\"@id\":\"https:\/\/aura-cristal-immo.com\/#\/schema\/logo\/image\/\"}}]}<\/script>\n<!-- \/ Yoast SEO plugin. -->","yoast_head_json":{"title":"Avis clients \u2013 Soins \u00e9nerg\u00e9tiques Aura Cristal Immo","description":"D\u00e9couvrez les t\u00e9moignages de celles et ceux qui ont retrouv\u00e9 paix et harmonie gr\u00e2ce aux soins \u00e9nerg\u00e9tiques d\u2019Aura Cristal Immo.","robots":{"index":"index","follow":"follow","max-snippet":"max-snippet:-1","max-image-preview":"max-image-preview:large","max-video-preview":"max-video-preview:-1"},"canonical":"https:\/\/aura-cristal-immo.com\/uk\/temoignages\/","og_locale":"en_GB","og_type":"article","og_title":"Avis clients \u2013 Soins \u00e9nerg\u00e9tiques Aura Cristal Immo","og_description":"D\u00e9couvrez les t\u00e9moignages de celles et ceux qui ont retrouv\u00e9 paix et harmonie gr\u00e2ce aux soins \u00e9nerg\u00e9tiques d\u2019Aura Cristal Immo.","og_url":"https:\/\/aura-cristal-immo.com\/uk\/temoignages\/","og_site_name":"Aura Cristal Immo","article_modified_time":"2025-06-19T13:14:09+00:00","og_image":[{"width":1500,"height":1500,"url":"https:\/\/aura-cristal-immo.com\/wp-content\/uploads\/2025\/04\/logo-ACI-trans.png","type":"image\/png"}],"twitter_card":"summary_large_image","twitter_title":"Avis clients \u2013 Soins \u00e9nerg\u00e9tiques Aura Cristal Immo","twitter_description":"D\u00e9couvrez les t\u00e9moignages de celles et ceux qui ont retrouv\u00e9 paix et harmonie gr\u00e2ce aux soins \u00e9nerg\u00e9tiques d\u2019Aura Cristal Immo.","twitter_image":"https:\/\/aura-cristal-immo.com\/wp-content\/uploads\/2025\/04\/logo-ACI-trans.png","twitter_misc":{"Estimated reading time":"1 minute"},"schema":{"@context":"https:\/\/schema.org","@graph":[{"@type":"WebPage","@id":"https:\/\/aura-cristal-immo.com\/temoignages\/","url":"https:\/\/aura-cristal-immo.com\/temoignages\/","name":"Avis clients \u2013 Soins \u00e9nerg\u00e9tiques Aura Cristal Immo","isPartOf":{"@id":"https:\/\/aura-cristal-immo.com\/#website"},"datePublished":"2025-04-18T06:50:38+00:00","dateModified":"2025-06-19T13:14:09+00:00","description":"D\u00e9couvrez les t\u00e9moignages de celles et ceux qui ont retrouv\u00e9 paix et harmonie gr\u00e2ce aux soins \u00e9nerg\u00e9tiques d\u2019Aura Cristal Immo.","breadcrumb":{"@id":"https:\/\/aura-cristal-immo.com\/temoignages\/#breadcrumb"},"inLanguage":"en-GB","potentialAction":[{"@type":"ReadAction","target":["https:\/\/aura-cristal-immo.com\/temoignages\/"]}]},{"@type":"BreadcrumbList","@id":"https:\/\/aura-cristal-immo.com\/temoignages\/#breadcrumb","itemListElement":[{"@type":"ListItem","position":1,"name":"Accueil","item":"https:\/\/aura-cristal-immo.com\/"},{"@type":"ListItem","position":2,"name":"T\u00e9moignages"}]},{"@type":"WebSite","@id":"https:\/\/aura-cristal-immo.com\/#website","url":"https:\/\/aura-cristal-immo.com\/","name":"Aura Cristal Immo","description":"Soins \u00e9nerg\u00e9tiques des lieux","publisher":{"@id":"https:\/\/aura-cristal-immo.com\/#organization"},"potentialAction":[{"@type":"SearchAction","target":{"@type":"EntryPoint","urlTemplate":"https:\/\/aura-cristal-immo.com\/?s={search_term_string}"},"query-input":{"@type":"PropertyValueSpecification","valueRequired":true,"valueName":"search_term_string"}}],"inLanguage":"en-GB"},{"@type":"Organization","@id":"https:\/\/aura-cristal-immo.com\/#organization","name":"Aura Cristal Immo","url":"https:\/\/aura-cristal-immo.com\/","logo":{"@type":"ImageObject","inLanguage":"en-GB","@id":"https:\/\/aura-cristal-immo.com\/#\/schema\/logo\/image\/","url":"https:\/\/aura-cristal-immo.com\/wp-content\/uploads\/2025\/04\/logo-ACI-trans.png","contentUrl":"https:\/\/aura-cristal-immo.com\/wp-content\/uploads\/2025\/04\/logo-ACI-trans.png","width":1500,"height":1500,"caption":"Aura Cristal Immo"},"image":{"@id":"https:\/\/aura-cristal-immo.com\/#\/schema\/logo\/image\/"}}]}},"_links":{"self":[{"href":"https:\/\/aura-cristal-immo.com\/uk\/wp-json\/wp\/v2\/pages\/29","targetHints":{"allow":["GET"]}}],"collection":[{"href":"https:\/\/aura-cristal-immo.com\/uk\/wp-json\/wp\/v2\/pages"}],"about":[{"href":"https:\/\/aura-cristal-immo.com\/uk\/wp-json\/wp\/v2\/types\/page"}],"author":[{"embeddable":true,"href":"https:\/\/aura-cristal-immo.com\/uk\/wp-json\/wp\/v2\/users\/1"}],"replies":[{"embeddable":true,"href":"https:\/\/aura-cristal-immo.com\/uk\/wp-json\/wp\/v2\/comments?post=29"}],"version-history":[{"count":15,"href":"https:\/\/aura-cristal-immo.com\/uk\/wp-json\/wp\/v2\/pages\/29\/revisions"}],"predecessor-version":[{"id":634,"href":"https:\/\/aura-cristal-immo.com\/uk\/wp-json\/wp\/v2\/pages\/29\/revisions\/634"}],"wp:attachment":[{"href":"https:\/\/aura-cristal-immo.com\/uk\/wp-json\/wp\/v2\/media?parent=29"}],"curies":[{"name":"wp","href":"https:\/\/api.w.org\/{rel}","templated":true}]}}