{"id":240,"date":"2025-04-22T15:32:11","date_gmt":"2025-04-22T15:32:11","guid":{"rendered":"https:\/\/aura-cristal-immo.com\/?page_id=240"},"modified":"2025-06-27T06:38:44","modified_gmt":"2025-06-27T06:38:44","slug":"projet-collectif","status":"publish","type":"page","link":"https:\/\/aura-cristal-immo.com\/uk\/projet-collectif\/","title":{"rendered":"Collective project"},"content":{"rendered":"<div class=\"wpb-content-wrapper\"><div class=\"vc_row wpb_row vc_row-fluid vc_custom_1749195794127 wpex-relative\"><div class=\"wpb_column vc_column_container vc_col-sm-9\"><div class=\"vc_column-inner\"><div class=\"wpb_wrapper\"><figure class=\"vcex-image vcex-module  wpb_animate_when_almost_visible wpb_bottom-to-top bottom-to-top\"><div class=\"vcex-image-inner wpex-relative wpex-inline-block\"><img width=\"440\" height=\"235\" src=\"https:\/\/aura-cristal-immo.com\/wp-content\/uploads\/2025\/06\/projet-collectif-vignette-1.jpg\" class=\"vcex-image-img wpex-align-middle\" alt=\"\" loading=\"lazy\" decoding=\"async\" srcset=\"https:\/\/aura-cristal-immo.com\/wp-content\/uploads\/2025\/06\/projet-collectif-vignette-1.jpg 440w, https:\/\/aura-cristal-immo.com\/wp-content\/uploads\/2025\/06\/projet-collectif-vignette-1-300x160.jpg 300w, https:\/\/aura-cristal-immo.com\/wp-content\/uploads\/2025\/06\/projet-collectif-vignette-1-18x10.jpg 18w\" sizes=\"auto, (max-width: 440px) 100vw, 440px\" \/><\/div><\/figure>\n\t<div class=\"wpb_text_column wpb_content_element wpb_animate_when_almost_visible wpb_bottom-to-top bottom-to-top vc_custom_1749194848640\" >\n\t\t<div class=\"wpb_wrapper\">\n\t\t\t<h2>A living project, driven by the momentum of the heart<\/h2>\n\n\t\t<\/div>\n\t<\/div>\n\n\t<div class=\"wpb_text_column wpb_content_element wpb_animate_when_almost_visible wpb_bottom-to-top bottom-to-top vc_custom_1749194797389\" >\n\t\t<div class=\"wpb_wrapper\">\n\t\t\t<p>The collective project comes to life thanks to those who believe in the benefits of these vibrational practices. These individual commitments are invaluable. They embody the values of trust and collaboration.<\/p>\n<p>Stemming from ancestral traditions, this subtle knowledge is now regaining its rightful place in our society. Care spaces are thus becoming innovative places, where the wisdom of the past resonates with the creative momentum of the future.<\/p>\n<p>We are currently engaged in the creation and implementation of the first healing spaces. If you feel inspired to support this initiative, we invite you to contact us.<\/p>\n\n\t\t<\/div>\n\t<\/div>\n\n\t<div class=\"wpb_text_column wpb_content_element wpb_animate_when_almost_visible wpb_bottom-to-top bottom-to-top vc_custom_1750339970422\" >\n\t\t<div class=\"wpb_wrapper\">\n\t\t\t<blockquote><p>\nTogether, we support the emergence of vibrational healthcare spaces that offer a place for exploration, evolution, and transformation.\n<\/p><\/blockquote>\n\n\t\t<\/div>\n\t<\/div>\n<\/div><\/div><\/div><div class=\"wpb_column wpb_animate_when_almost_visible wpb_appear appear vc_column_container vc_col-sm-3 wpex-vc_col-has-fill\"><div class=\"vc_column-inner vc_custom_1745768831477\"><div class=\"wpb_wrapper\">\n\t<div style=\"text-align:center;\" class=\"wpb_text_column wpb_content_element vc_custom_1749194884301\" >\n\t\t<div class=\"wpb_wrapper\">\n\t\t\t<h2>What if your enthusiasm could help this project grow?<\/h2>\n\n\t\t<\/div>\n\t<\/div>\n\n\t<div style=\"text-align:center;\" class=\"wpb_text_column wpb_content_element vc_custom_1749194899730\" >\n\t\t<div class=\"wpb_wrapper\">\n\t\t\t<p>Every contribution is a valuable vibration that helps bring tomorrow's healthcare facilities to life. Together, let's make this vision a reality.<\/p>\n\n\t\t<\/div>\n\t<\/div>\n<style>.vcex-button.vcex_69ff3561bd346:hover{background:#ffffff!important;}<\/style><div class=\"vc_custom_1749194910625 wpex-clr\"><div class=\"theme-button-wrap textcenter wpex-clr\"><a href=\"\/uk\/contact\/\" class=\"vcex-button theme-button align-center inline vcex_69ff3561bd346\"><span class=\"vcex-button-inner theme-button-inner wpex-flex wpex-flex-wrap wpex-items-center wpex-justify-center\">Support the project<\/span><\/a><\/div><\/div> <\/div><\/div><\/div><\/div><div class=\"vc_row wpb_row vc_row-fluid vc_custom_1744973955087 wpex-relative\"><div class=\"wpb_column vc_column_container vc_col-sm-12\"><div class=\"vc_column-inner\"><div class=\"wpb_wrapper\">\n\t<div style=\"color:#49398e;text-align:center;\" class=\"wpb_text_column has-custom-color wpex-child-inherit-color wpb_content_element wpb_animate_when_almost_visible wpb_bottom-to-top bottom-to-top\" >\n\t\t<div class=\"wpb_wrapper\">\n\t\t\t<h3>Not knowing it was impossible, he did it<\/h3>\n\n\t\t<\/div>\n\t<\/div>\n<div class=\"vcex-module vcex-testimonials-fullslider wpex-py-40 dark-skin has-controlnav  wpb_animate_when_almost_visible wpb_bottom-to-top bottom-to-top\"><div class=\"wpex-slider slider-pro\" data-fade-arrows=\"false\" data-arrows=\"true\" data-buttons=\"true\" data-loop=\"true\" data-fade=\"true\" data-auto-play-delay=\"5000\" data-animation-speed=\"600\" data-height-animation-duration=\"500\" data-touch-swipe-desktop=\"false\"><div class=\"wpex-slider-slides sp-slides\"><div class=\"wpex-slider-slide sp-slide entry post-145 type-testimonials\"><div class=\"vcex-testimonials-fullslider-inner wpex-text-center\"><div class=\"vcex-testimonials-fullslider-entry wpex-font-light wpex-text-2xl wpex-clr wpex-last-mb-0 entry\" style=\"font-size:30px;color:#49398e;\"><p>\u00ab Katell Tardy has been supporting me for several years. She is a therapist who has my complete trust, and I regularly recommend her to many friends and clients. I recently moved into my new apartment and was very apprehensive about the change. The treatment provided by Katell and Yann allowed me to settle into my new home in a calm and joyful way. There were even some magical events that helped me! I sincerely thank them and highly recommend them. \u00bb<\/p>\n<\/div><div class=\"vcex-testimonials-fullslider-author wpex-mt-20 wpex-mb-5 wpex-text-md\" style=\"color:#efb54e;\"><div class=\"vcex-testimonials-fullslider-author-name\">Mahalia<\/div><div class=\"vcex-testimonials-fullslider-company\">Paris, France<\/div><\/div><\/div><\/div><div class=\"wpex-slider-slide sp-slide entry post-149 type-testimonials\"><div class=\"vcex-testimonials-fullslider-inner wpex-text-center\"><div class=\"vcex-testimonials-fullslider-avatar wpex-mb-20\"><img width=\"790\" height=\"796\" src=\"https:\/\/aura-cristal-immo.com\/wp-content\/uploads\/2025\/04\/colette-tostivint.png\" class=\"wpex-rounded-full wpex-align-bottom vcex-default-dims\" alt=\"\" loading=\"lazy\" decoding=\"async\" srcset=\"https:\/\/aura-cristal-immo.com\/wp-content\/uploads\/2025\/04\/colette-tostivint.png 790w, https:\/\/aura-cristal-immo.com\/wp-content\/uploads\/2025\/04\/colette-tostivint-298x300.png 298w, https:\/\/aura-cristal-immo.com\/wp-content\/uploads\/2025\/04\/colette-tostivint-150x150.png 150w, https:\/\/aura-cristal-immo.com\/wp-content\/uploads\/2025\/04\/colette-tostivint-768x774.png 768w\" sizes=\"auto, (max-width: 790px) 100vw, 790px\" \/><\/div><div class=\"vcex-testimonials-fullslider-entry wpex-font-light wpex-text-2xl wpex-clr wpex-last-mb-0 entry\" style=\"font-size:30px;color:#49398e;\"><p>\u00ab\u00a0My husband and I were deeply touched by the treatment given to our house. What was expressed during the session was disturbingly accurate. The words used resonated with an almost disconcerting precision\u2014as if something greater had come to light what was there, without us yet being able to explain it. This treatment helped us to understand, feel, and transform things that the place carried without knowing it. There was a before and an after. Even for rational people, it is difficult to ignore the impact of what happened. And for those familiar with the subtle planes, I would simply say: it was powerful, aligned, obvious. Thank you. \u00bb<\/p>\n<\/div><div class=\"vcex-testimonials-fullslider-author wpex-mt-20 wpex-mb-5 wpex-text-md\" style=\"color:#efb54e;\"><div class=\"vcex-testimonials-fullslider-author-name\">Colette<\/div><div class=\"vcex-testimonials-fullslider-company\">Pokhara, N\u00e9pal<\/div><\/div><\/div><\/div><div class=\"wpex-slider-slide sp-slide entry post-151 type-testimonials\"><div class=\"vcex-testimonials-fullslider-inner wpex-text-center\"><div class=\"vcex-testimonials-fullslider-entry wpex-font-light wpex-text-2xl wpex-clr wpex-last-mb-0 entry\" style=\"font-size:30px;color:#49398e;\"><p>\u00ab\u00a0A year ago, we called on Katell Tardy to sell our family vacation home in the Var region. The house had been on the market for three years with various agencies without success: very few viewings, no offers... But as soon as Katell took on our house, everything happened very quickly! In just 15 days, my parents had an offer at the desired price. We are very grateful to her. I would not hesitate to call on Katell again if needed. \u00bb<\/p>\n<\/div><div class=\"vcex-testimonials-fullslider-author wpex-mt-20 wpex-mb-5 wpex-text-md\" style=\"color:#efb54e;\"><div class=\"vcex-testimonials-fullslider-author-name\">Delphine Leverrier<\/div><div class=\"vcex-testimonials-fullslider-company\">Plan de la Tour, France<\/div><\/div><\/div><\/div><div class=\"wpex-slider-slide sp-slide entry post-153 type-testimonials\"><div class=\"vcex-testimonials-fullslider-inner wpex-text-center\"><div class=\"vcex-testimonials-fullslider-entry wpex-font-light wpex-text-2xl wpex-clr wpex-last-mb-0 entry\" style=\"font-size:30px;color:#49398e;\"><p>\u00ab\u00a0The family castle built by our ancestors was transformed. When we first opened the windows, a gentle breeze swept through. A beautiful symbolic gift awaited us on the steps of the front porch: a snake skin. The children immediately and instinctively climbed the large cedar tree. Once again a welcoming and joyful place, friends came to visit the property throughout the summer. A big thank you for this wonderful care that includes and invests everyone in the process. With gratitude. \u00bb<\/p>\n<\/div><div class=\"vcex-testimonials-fullslider-author wpex-mt-20 wpex-mb-5 wpex-text-md\" style=\"color:#efb54e;\"><div class=\"vcex-testimonials-fullslider-author-name\">Pulch\u00e9rie and her family<\/div><div class=\"vcex-testimonials-fullslider-company\">Espondeilhan, France<\/div><\/div><\/div><\/div><div class=\"wpex-slider-slide sp-slide entry post-468 type-testimonials\"><div class=\"vcex-testimonials-fullslider-inner wpex-text-center\"><div class=\"vcex-testimonials-fullslider-entry wpex-font-light wpex-text-2xl wpex-clr wpex-last-mb-0 entry\" style=\"font-size:30px;color:#49398e;\"><p>\u00ab\u00a0The treatment that Katell and Yann gave me helped me understand what was blocking the sale of my house. I then followed their advice to give myself every chance of achieving my goal. Even though the sale didn't happen quickly (it took four months), I understood that I needed that time to move forward at my own pace. I thank them for their unfailing support. Today, I have sold my property in the Paris region and realized my dream of living in the South.\u00a0\u00bb<\/p>\n<\/div><div class=\"vcex-testimonials-fullslider-author wpex-mt-20 wpex-mb-5 wpex-text-md\" style=\"color:#efb54e;\"><div class=\"vcex-testimonials-fullslider-author-name\">Claire<\/div><div class=\"vcex-testimonials-fullslider-company\">Neuilly-sur-Seine, France<\/div><\/div><\/div><\/div><div class=\"wpex-slider-slide sp-slide entry post-471 type-testimonials\"><div class=\"vcex-testimonials-fullslider-inner wpex-text-center\"><div class=\"vcex-testimonials-fullslider-entry wpex-font-light wpex-text-2xl wpex-clr wpex-last-mb-0 entry\" style=\"font-size:30px;color:#49398e;\"><p>\u00ab\u00a0I live in an old building in Brittany. The place is very pretty, but I didn't really feel comfortable there. Our renovated farmhouse still bore traces of epidemics and livestock slaughter. Even though it seems strange, after the treatment we felt a real sense of well-being in our home. Thank you. \u00bb<\/p>\n<\/div><div class=\"vcex-testimonials-fullslider-author wpex-mt-20 wpex-mb-5 wpex-text-md\" style=\"color:#efb54e;\"><div class=\"vcex-testimonials-fullslider-author-name\">Laura<\/div><div class=\"vcex-testimonials-fullslider-company\">Vitr\u00e9, France<\/div><\/div><\/div><\/div><div class=\"wpex-slider-slide sp-slide entry post-66 type-testimonials\"><div class=\"vcex-testimonials-fullslider-inner wpex-text-center\"><div class=\"vcex-testimonials-fullslider-entry wpex-font-light wpex-text-2xl wpex-clr wpex-last-mb-0 entry\" style=\"font-size:30px;color:#49398e;\"><p>\u00ab\u00a0I was living in a heavy atmosphere and couldn't sleep after a difficult divorce. Bad memories and arguments still haunted my mind, and perhaps also the walls of my house. After the energy treatment, I regained my energy and was able to change many things in my home. I feel good today. Thank you both. \u00bb<\/p>\n<\/div><div class=\"vcex-testimonials-fullslider-author wpex-mt-20 wpex-mb-5 wpex-text-md\" style=\"color:#efb54e;\"><div class=\"vcex-testimonials-fullslider-author-name\">L\u00e9a<\/div><div class=\"vcex-testimonials-fullslider-company\">Paris, France<\/div><\/div><\/div><\/div><div class=\"wpex-slider-slide sp-slide entry post-147 type-testimonials\"><div class=\"vcex-testimonials-fullslider-inner wpex-text-center\"><div class=\"vcex-testimonials-fullslider-entry wpex-font-light wpex-text-2xl wpex-clr wpex-last-mb-0 entry\" style=\"font-size:30px;color:#49398e;\"><p>\u00ab\u00a0I was delighted with the treatment performed on my house in Vannes by Katell and Yann. Since then, I feel like I can breathe better and have found harmony within my family. I work as a kinesiologist in a practice at the bottom of my garden, and since the treatment, my appointment book has been filling up! Everything is more fluid. A big thank you to both of you. \u00bb<\/p>\n<\/div><div class=\"vcex-testimonials-fullslider-author wpex-mt-20 wpex-mb-5 wpex-text-md\" style=\"color:#efb54e;\"><div class=\"vcex-testimonials-fullslider-author-name\">Marie<\/div><div class=\"vcex-testimonials-fullslider-company\">Vannes, France<\/div><\/div><\/div><\/div><\/div><\/div><\/div><div class=\"vc_custom_1744961925070  wpb_animate_when_almost_visible wpb_bottom-to-top bottom-to-top wpex-clr\"><div class=\"theme-button-wrap textcenter wpex-clr\"><a href=\"\/uk\/temoignages\/\" class=\"vcex-button theme-button align-center inline\"><span class=\"vcex-button-inner theme-button-inner wpex-flex wpex-flex-wrap wpex-items-center wpex-justify-center\">See the testimonials<\/span><\/a><\/div><\/div> <\/div><\/div><\/div><\/div>\n<\/div>","protected":false},"excerpt":{"rendered":"\"J\u2019ai \u00e9t\u00e9 ravie du soin r\u00e9alis\u00e9 sur ma maison de Vannes par Katell et Yann. Depuis, j\u2019ai comme l\u2019impression de mieux respirer et de retrouver une harmonie au sein de ma famille. J\u2019exerce en tant que kin\u00e9siologue dans un cabinet au fond de mon jardin et depuis le soin, mon agenda de rendez-vous se remplit&hellip;","protected":false},"author":1,"featured_media":0,"parent":0,"menu_order":0,"comment_status":"closed","ping_status":"closed","template":"templates\/no-sidebar.php","meta":{"footnotes":""},"class_list":["post-240","page","type-page","status-publish","hentry","entry","no-media"],"yoast_head":"<!-- This site is optimized with the Yoast SEO plugin v25.3.1 - https:\/\/yoast.com\/wordpress\/plugins\/seo\/ -->\n<title>Aura Cristal Immo : un projet solidaire au service du vivant<\/title>\n<meta name=\"description\" content=\"Soutenez la cr\u00e9ation de lieux de soins accessibles \u00e0 tous, pens\u00e9s pour le bien commun et l\u2019harmonie \u00e9nerg\u00e9tique.\" \/>\n<meta name=\"robots\" content=\"index, follow, max-snippet:-1, max-image-preview:large, max-video-preview:-1\" \/>\n<link rel=\"canonical\" href=\"https:\/\/aura-cristal-immo.com\/uk\/projet-collectif\/\" \/>\n<meta property=\"og:locale\" content=\"en_GB\" \/>\n<meta property=\"og:type\" content=\"article\" \/>\n<meta property=\"og:title\" content=\"Aura Cristal Immo : un projet solidaire au service du vivant\" \/>\n<meta property=\"og:description\" content=\"Soutenez la cr\u00e9ation de lieux de soins accessibles \u00e0 tous, pens\u00e9s pour le bien commun et l\u2019harmonie \u00e9nerg\u00e9tique.\" \/>\n<meta property=\"og:url\" content=\"https:\/\/aura-cristal-immo.com\/uk\/projet-collectif\/\" \/>\n<meta property=\"og:site_name\" content=\"Aura Cristal Immo\" \/>\n<meta property=\"article:modified_time\" content=\"2025-06-27T06:38:44+00:00\" \/>\n<meta property=\"og:image\" content=\"https:\/\/aura-cristal-immo.com\/wp-content\/uploads\/2025\/04\/logo-ACI-trans.png\" \/>\n\t<meta property=\"og:image:width\" content=\"1500\" \/>\n\t<meta property=\"og:image:height\" content=\"1500\" \/>\n\t<meta property=\"og:image:type\" content=\"image\/png\" \/>\n<meta name=\"twitter:card\" content=\"summary_large_image\" \/>\n<meta name=\"twitter:title\" content=\"Aura Cristal Immo : un projet solidaire au service du vivant\" \/>\n<meta name=\"twitter:description\" content=\"Soutenez la cr\u00e9ation de lieux de soins accessibles \u00e0 tous, pens\u00e9s pour le bien commun et l\u2019harmonie \u00e9nerg\u00e9tique.\" \/>\n<meta name=\"twitter:image\" content=\"https:\/\/aura-cristal-immo.com\/wp-content\/uploads\/2025\/04\/logo-ACI-trans.png\" \/>\n<meta name=\"twitter:label1\" content=\"Estimated reading time\" \/>\n\t<meta name=\"twitter:data1\" content=\"2 minutes\" \/>\n<script type=\"application\/ld+json\" class=\"yoast-schema-graph\">{\"@context\":\"https:\/\/schema.org\",\"@graph\":[{\"@type\":\"WebPage\",\"@id\":\"https:\/\/aura-cristal-immo.com\/projet-collectif\/\",\"url\":\"https:\/\/aura-cristal-immo.com\/projet-collectif\/\",\"name\":\"Aura Cristal Immo : un projet solidaire au service du vivant\",\"isPartOf\":{\"@id\":\"https:\/\/aura-cristal-immo.com\/#website\"},\"datePublished\":\"2025-04-22T15:32:11+00:00\",\"dateModified\":\"2025-06-27T06:38:44+00:00\",\"description\":\"Soutenez la cr\u00e9ation de lieux de soins accessibles \u00e0 tous, pens\u00e9s pour le bien commun et l\u2019harmonie \u00e9nerg\u00e9tique.\",\"breadcrumb\":{\"@id\":\"https:\/\/aura-cristal-immo.com\/projet-collectif\/#breadcrumb\"},\"inLanguage\":\"en-GB\",\"potentialAction\":[{\"@type\":\"ReadAction\",\"target\":[\"https:\/\/aura-cristal-immo.com\/projet-collectif\/\"]}]},{\"@type\":\"BreadcrumbList\",\"@id\":\"https:\/\/aura-cristal-immo.com\/projet-collectif\/#breadcrumb\",\"itemListElement\":[{\"@type\":\"ListItem\",\"position\":1,\"name\":\"Accueil\",\"item\":\"https:\/\/aura-cristal-immo.com\/\"},{\"@type\":\"ListItem\",\"position\":2,\"name\":\"Projet collectif\"}]},{\"@type\":\"WebSite\",\"@id\":\"https:\/\/aura-cristal-immo.com\/#website\",\"url\":\"https:\/\/aura-cristal-immo.com\/\",\"name\":\"Aura Cristal Immo\",\"description\":\"Soins \u00e9nerg\u00e9tiques des lieux\",\"publisher\":{\"@id\":\"https:\/\/aura-cristal-immo.com\/#organization\"},\"potentialAction\":[{\"@type\":\"SearchAction\",\"target\":{\"@type\":\"EntryPoint\",\"urlTemplate\":\"https:\/\/aura-cristal-immo.com\/?s={search_term_string}\"},\"query-input\":{\"@type\":\"PropertyValueSpecification\",\"valueRequired\":true,\"valueName\":\"search_term_string\"}}],\"inLanguage\":\"en-GB\"},{\"@type\":\"Organization\",\"@id\":\"https:\/\/aura-cristal-immo.com\/#organization\",\"name\":\"Aura Cristal Immo\",\"url\":\"https:\/\/aura-cristal-immo.com\/\",\"logo\":{\"@type\":\"ImageObject\",\"inLanguage\":\"en-GB\",\"@id\":\"https:\/\/aura-cristal-immo.com\/#\/schema\/logo\/image\/\",\"url\":\"https:\/\/aura-cristal-immo.com\/wp-content\/uploads\/2025\/04\/logo-ACI-trans.png\",\"contentUrl\":\"https:\/\/aura-cristal-immo.com\/wp-content\/uploads\/2025\/04\/logo-ACI-trans.png\",\"width\":1500,\"height\":1500,\"caption\":\"Aura Cristal Immo\"},\"image\":{\"@id\":\"https:\/\/aura-cristal-immo.com\/#\/schema\/logo\/image\/\"}}]}<\/script>\n<!-- \/ Yoast SEO plugin. -->","yoast_head_json":{"title":"Aura Cristal Immo : un projet solidaire au service du vivant","description":"Soutenez la cr\u00e9ation de lieux de soins accessibles \u00e0 tous, pens\u00e9s pour le bien commun et l\u2019harmonie \u00e9nerg\u00e9tique.","robots":{"index":"index","follow":"follow","max-snippet":"max-snippet:-1","max-image-preview":"max-image-preview:large","max-video-preview":"max-video-preview:-1"},"canonical":"https:\/\/aura-cristal-immo.com\/uk\/projet-collectif\/","og_locale":"en_GB","og_type":"article","og_title":"Aura Cristal Immo : un projet solidaire au service du vivant","og_description":"Soutenez la cr\u00e9ation de lieux de soins accessibles \u00e0 tous, pens\u00e9s pour le bien commun et l\u2019harmonie \u00e9nerg\u00e9tique.","og_url":"https:\/\/aura-cristal-immo.com\/uk\/projet-collectif\/","og_site_name":"Aura Cristal Immo","article_modified_time":"2025-06-27T06:38:44+00:00","og_image":[{"width":1500,"height":1500,"url":"https:\/\/aura-cristal-immo.com\/wp-content\/uploads\/2025\/04\/logo-ACI-trans.png","type":"image\/png"}],"twitter_card":"summary_large_image","twitter_title":"Aura Cristal Immo : un projet solidaire au service du vivant","twitter_description":"Soutenez la cr\u00e9ation de lieux de soins accessibles \u00e0 tous, pens\u00e9s pour le bien commun et l\u2019harmonie \u00e9nerg\u00e9tique.","twitter_image":"https:\/\/aura-cristal-immo.com\/wp-content\/uploads\/2025\/04\/logo-ACI-trans.png","twitter_misc":{"Estimated reading time":"2 minutes"},"schema":{"@context":"https:\/\/schema.org","@graph":[{"@type":"WebPage","@id":"https:\/\/aura-cristal-immo.com\/projet-collectif\/","url":"https:\/\/aura-cristal-immo.com\/projet-collectif\/","name":"Aura Cristal Immo : un projet solidaire au service du vivant","isPartOf":{"@id":"https:\/\/aura-cristal-immo.com\/#website"},"datePublished":"2025-04-22T15:32:11+00:00","dateModified":"2025-06-27T06:38:44+00:00","description":"Soutenez la cr\u00e9ation de lieux de soins accessibles \u00e0 tous, pens\u00e9s pour le bien commun et l\u2019harmonie \u00e9nerg\u00e9tique.","breadcrumb":{"@id":"https:\/\/aura-cristal-immo.com\/projet-collectif\/#breadcrumb"},"inLanguage":"en-GB","potentialAction":[{"@type":"ReadAction","target":["https:\/\/aura-cristal-immo.com\/projet-collectif\/"]}]},{"@type":"BreadcrumbList","@id":"https:\/\/aura-cristal-immo.com\/projet-collectif\/#breadcrumb","itemListElement":[{"@type":"ListItem","position":1,"name":"Accueil","item":"https:\/\/aura-cristal-immo.com\/"},{"@type":"ListItem","position":2,"name":"Projet collectif"}]},{"@type":"WebSite","@id":"https:\/\/aura-cristal-immo.com\/#website","url":"https:\/\/aura-cristal-immo.com\/","name":"Aura Cristal Immo","description":"Soins \u00e9nerg\u00e9tiques des lieux","publisher":{"@id":"https:\/\/aura-cristal-immo.com\/#organization"},"potentialAction":[{"@type":"SearchAction","target":{"@type":"EntryPoint","urlTemplate":"https:\/\/aura-cristal-immo.com\/?s={search_term_string}"},"query-input":{"@type":"PropertyValueSpecification","valueRequired":true,"valueName":"search_term_string"}}],"inLanguage":"en-GB"},{"@type":"Organization","@id":"https:\/\/aura-cristal-immo.com\/#organization","name":"Aura Cristal Immo","url":"https:\/\/aura-cristal-immo.com\/","logo":{"@type":"ImageObject","inLanguage":"en-GB","@id":"https:\/\/aura-cristal-immo.com\/#\/schema\/logo\/image\/","url":"https:\/\/aura-cristal-immo.com\/wp-content\/uploads\/2025\/04\/logo-ACI-trans.png","contentUrl":"https:\/\/aura-cristal-immo.com\/wp-content\/uploads\/2025\/04\/logo-ACI-trans.png","width":1500,"height":1500,"caption":"Aura Cristal Immo"},"image":{"@id":"https:\/\/aura-cristal-immo.com\/#\/schema\/logo\/image\/"}}]}},"_links":{"self":[{"href":"https:\/\/aura-cristal-immo.com\/uk\/wp-json\/wp\/v2\/pages\/240","targetHints":{"allow":["GET"]}}],"collection":[{"href":"https:\/\/aura-cristal-immo.com\/uk\/wp-json\/wp\/v2\/pages"}],"about":[{"href":"https:\/\/aura-cristal-immo.com\/uk\/wp-json\/wp\/v2\/types\/page"}],"author":[{"embeddable":true,"href":"https:\/\/aura-cristal-immo.com\/uk\/wp-json\/wp\/v2\/users\/1"}],"replies":[{"embeddable":true,"href":"https:\/\/aura-cristal-immo.com\/uk\/wp-json\/wp\/v2\/comments?post=240"}],"version-history":[{"count":8,"href":"https:\/\/aura-cristal-immo.com\/uk\/wp-json\/wp\/v2\/pages\/240\/revisions"}],"predecessor-version":[{"id":673,"href":"https:\/\/aura-cristal-immo.com\/uk\/wp-json\/wp\/v2\/pages\/240\/revisions\/673"}],"wp:attachment":[{"href":"https:\/\/aura-cristal-immo.com\/uk\/wp-json\/wp\/v2\/media?parent=240"}],"curies":[{"name":"wp","href":"https:\/\/api.w.org\/{rel}","templated":true}]}}